{"id":75,"date":"2014-08-01T19:46:57","date_gmt":"2014-08-01T17:46:57","guid":{"rendered":"http:\/\/primarschule.dipas.ch\/wp\/wp\/?page_id=75"},"modified":"2014-08-13T23:55:34","modified_gmt":"2014-08-13T21:55:34","slug":"1997-2","status":"publish","type":"page","link":"https:\/\/primarschule.dipas.ch\/wp\/?page_id=75","title":{"rendered":"1993 &#8211; Basel Postenlauf"},"content":{"rendered":"<p>*** Fotos folgen ab Mitte September ***<\/p>\n<ul>\n<li>Sonntag, 7.\u00a0November 1993<\/li>\n<li>Claudia Koelbing<\/li>\n<li>ca. 20 Teilnehmer<\/li>\n<li>? Uhr, Brunnen Ecke M\u00fcnsterberg und Freie Strasse<\/li>\n<\/ul>\n<p><strong>Unternehmung<br \/>\n<\/strong>Postenlauf quer durch die Basler Innenstadt<br \/>\nnach dem Motto: Mir bliibe z&#8217;Basel.<strong><br \/>\n<\/strong>DanachEssen in\u00a0einem Clique-Keller an der Gerbergasse.<\/p>\n<p><strong>N\u00e4chstes Treffen<\/strong><br \/>\nunbekannt<\/p>\n<p><strong>Teilnehmer<\/strong><br \/>\n(Auflistung gem\u00e4ss Fotos, ev. nicht vollst\u00e4ndig)<br \/>\nBeat Butz<br \/>\nBrigitte Born<br \/>\nClaudia Koelbing<br \/>\nCornelia Sumi<br \/>\nDavid Geiser<br \/>\nDolores Walln\u00f6fer<br \/>\nGabriela Hunziker-Frey<br \/>\nGermaine Bischofberger<br \/>\nHansj\u00fcrg Jeker<br \/>\nJacqueline Eigenmann<br \/>\nKarin M\u00fcller<br \/>\nKatrin Ebert<br \/>\nKatrin Kuttler<br \/>\nMaril\u00e9 Leonor Bassa<br \/>\nMarkus Kropf<br \/>\nMarkus Widmer<br \/>\nMichel Goll<br \/>\nPatricia Meneghin<br \/>\nSusanne B\u00fcrkler<br \/>\nUrs Laager<\/p>\n","protected":false},"excerpt":{"rendered":"<p>*** Fotos folgen ab Mitte September *** Sonntag, 7.\u00a0November 1993 Claudia Koelbing ca. 20 Teilnehmer ? Uhr, Brunnen Ecke M\u00fcnsterberg und Freie Strasse Unternehmung Postenlauf quer durch die Basler Innenstadt nach dem Motto: Mir bliibe z&#8217;Basel. DanachEssen in\u00a0einem Clique-Keller an der Gerbergasse. N\u00e4chstes Treffen unbekannt Teilnehmer (Auflistung gem\u00e4ss Fotos, ev. nicht vollst\u00e4ndig) Beat Butz Brigitte &hellip; <a href=\"https:\/\/primarschule.dipas.ch\/wp\/?page_id=75\" class=\"more-link\"><span class=\"screen-reader-text\">1993 &#8211; Basel Postenlauf<\/span> weiterlesen <span class=\"meta-nav\">&rarr;<\/span><\/a><\/p>\n","protected":false},"author":1,"featured_media":0,"parent":11,"menu_order":6,"comment_status":"open","ping_status":"closed","template":"","meta":{"footnotes":""},"class_list":["post-75","page","type-page","status-publish","hentry"],"_links":{"self":[{"href":"https:\/\/primarschule.dipas.ch\/wp\/index.php?rest_route=\/wp\/v2\/pages\/75","targetHints":{"allow":["GET"]}}],"collection":[{"href":"https:\/\/primarschule.dipas.ch\/wp\/index.php?rest_route=\/wp\/v2\/pages"}],"about":[{"href":"https:\/\/primarschule.dipas.ch\/wp\/index.php?rest_route=\/wp\/v2\/types\/page"}],"author":[{"embeddable":true,"href":"https:\/\/primarschule.dipas.ch\/wp\/index.php?rest_route=\/wp\/v2\/users\/1"}],"replies":[{"embeddable":true,"href":"https:\/\/primarschule.dipas.ch\/wp\/index.php?rest_route=%2Fwp%2Fv2%2Fcomments&post=75"}],"version-history":[{"count":4,"href":"https:\/\/primarschule.dipas.ch\/wp\/index.php?rest_route=\/wp\/v2\/pages\/75\/revisions"}],"predecessor-version":[{"id":100,"href":"https:\/\/primarschule.dipas.ch\/wp\/index.php?rest_route=\/wp\/v2\/pages\/75\/revisions\/100"}],"up":[{"embeddable":true,"href":"https:\/\/primarschule.dipas.ch\/wp\/index.php?rest_route=\/wp\/v2\/pages\/11"}],"wp:attachment":[{"href":"https:\/\/primarschule.dipas.ch\/wp\/index.php?rest_route=%2Fwp%2Fv2%2Fmedia&parent=75"}],"curies":[{"name":"wp","href":"https:\/\/api.w.org\/{rel}","templated":true}]}}