{"id":25,"date":"2014-08-01T17:56:33","date_gmt":"2014-08-01T15:56:33","guid":{"rendered":"http:\/\/primarschule.dipas.ch\/wp\/wp\/?page_id=25"},"modified":"2025-08-10T23:50:25","modified_gmt":"2025-08-10T21:50:25","slug":"allschwilerwald","status":"publish","type":"page","link":"https:\/\/primarschule.dipas.ch\/wp\/?page_id=25","title":{"rendered":"1971 &#8211; Allschwilerwald"},"content":{"rendered":"<p>Unsere erschte Usflug isch quer durch dr Allschwilerwald gange.<\/p>\n<p>Vom Dorf zum Schiessplatz richtig N\u00f6iwylergr\u00e4nze und vo d\u00f6rt richtig Oser D\u00e4nggmool. Drno quer dure Wald\u00a0wieder zum Schiessplatz und denn no am &#8218;R\u00f6ibert\u00e4li&#8216; vrby zrugg ins Dorf.<\/p>\n<p>*** Die Fotos werde ich nochmals nachbearbeiten und gr\u00f6sser publizieren. ***<\/p>\n<p><a href=\"https:\/\/primarschule.dipas.ch\/wp\/wp-content\/uploads\/2014\/08\/Image384.png\"><img loading=\"lazy\" decoding=\"async\" class=\"alignnone size-medium wp-image-55\" src=\"https:\/\/primarschule.dipas.ch\/wp\/wp-content\/uploads\/2014\/08\/Image384-300x199.png\" alt=\"Allschwilerwald_1\" width=\"300\" height=\"199\" srcset=\"https:\/\/primarschule.dipas.ch\/wp\/wp-content\/uploads\/2014\/08\/Image384-300x199.png 300w, https:\/\/primarschule.dipas.ch\/wp\/wp-content\/uploads\/2014\/08\/Image384-150x99.png 150w, https:\/\/primarschule.dipas.ch\/wp\/wp-content\/uploads\/2014\/08\/Image384.png 1024w\" sizes=\"auto, (max-width: 300px) 100vw, 300px\" \/><\/a><\/p>\n<p><a href=\"https:\/\/primarschule.dipas.ch\/wp\/wp-content\/uploads\/2014\/08\/Image385.png\"><img loading=\"lazy\" decoding=\"async\" class=\"alignnone size-medium wp-image-56\" src=\"https:\/\/primarschule.dipas.ch\/wp\/wp-content\/uploads\/2014\/08\/Image385-197x300.png\" alt=\"Allschwilerwald_2\" width=\"197\" height=\"300\" srcset=\"https:\/\/primarschule.dipas.ch\/wp\/wp-content\/uploads\/2014\/08\/Image385-197x300.png 197w, https:\/\/primarschule.dipas.ch\/wp\/wp-content\/uploads\/2014\/08\/Image385-98x150.png 98w, https:\/\/primarschule.dipas.ch\/wp\/wp-content\/uploads\/2014\/08\/Image385-674x1024.png 674w, https:\/\/primarschule.dipas.ch\/wp\/wp-content\/uploads\/2014\/08\/Image385.png 1024w\" sizes=\"auto, (max-width: 197px) 100vw, 197px\" \/><\/a><\/p>\n<p><a href=\"https:\/\/primarschule.dipas.ch\/wp\/wp-content\/uploads\/2014\/08\/Image386.png\"><img loading=\"lazy\" decoding=\"async\" class=\"alignnone size-medium wp-image-57\" src=\"https:\/\/primarschule.dipas.ch\/wp\/wp-content\/uploads\/2014\/08\/Image386-300x199.png\" alt=\"Allschwilerwald_3\" width=\"300\" height=\"199\" srcset=\"https:\/\/primarschule.dipas.ch\/wp\/wp-content\/uploads\/2014\/08\/Image386-300x199.png 300w, https:\/\/primarschule.dipas.ch\/wp\/wp-content\/uploads\/2014\/08\/Image386-150x99.png 150w, https:\/\/primarschule.dipas.ch\/wp\/wp-content\/uploads\/2014\/08\/Image386.png 1024w\" sizes=\"auto, (max-width: 300px) 100vw, 300px\" \/><\/a><\/p>\n<p><a href=\"https:\/\/primarschule.dipas.ch\/wp\/wp-content\/uploads\/2014\/08\/Image389.png\"><img loading=\"lazy\" decoding=\"async\" class=\"alignnone size-medium wp-image-58\" src=\"https:\/\/primarschule.dipas.ch\/wp\/wp-content\/uploads\/2014\/08\/Image389-199x300.png\" alt=\"Allschwilerwald_4\" width=\"199\" height=\"300\" srcset=\"https:\/\/primarschule.dipas.ch\/wp\/wp-content\/uploads\/2014\/08\/Image389-199x300.png 199w, https:\/\/primarschule.dipas.ch\/wp\/wp-content\/uploads\/2014\/08\/Image389-99x150.png 99w, https:\/\/primarschule.dipas.ch\/wp\/wp-content\/uploads\/2014\/08\/Image389-680x1024.png 680w, https:\/\/primarschule.dipas.ch\/wp\/wp-content\/uploads\/2014\/08\/Image389.png 1024w\" sizes=\"auto, (max-width: 199px) 100vw, 199px\" \/><\/a><\/p>\n<p><a href=\"https:\/\/primarschule.dipas.ch\/wp\/wp-content\/uploads\/2014\/08\/Image390.png\"><img loading=\"lazy\" decoding=\"async\" class=\"alignnone size-medium wp-image-59\" src=\"https:\/\/primarschule.dipas.ch\/wp\/wp-content\/uploads\/2014\/08\/Image390-198x300.png\" alt=\"Allschwilerwald_5\" width=\"198\" height=\"300\" srcset=\"https:\/\/primarschule.dipas.ch\/wp\/wp-content\/uploads\/2014\/08\/Image390-198x300.png 198w, https:\/\/primarschule.dipas.ch\/wp\/wp-content\/uploads\/2014\/08\/Image390-99x150.png 99w, https:\/\/primarschule.dipas.ch\/wp\/wp-content\/uploads\/2014\/08\/Image390-677x1024.png 677w, https:\/\/primarschule.dipas.ch\/wp\/wp-content\/uploads\/2014\/08\/Image390.png 1024w\" sizes=\"auto, (max-width: 198px) 100vw, 198px\" \/><\/a><\/p>\n<p><a href=\"https:\/\/primarschule.dipas.ch\/wp\/wp-content\/uploads\/2014\/08\/Image391.png\"><img loading=\"lazy\" decoding=\"async\" class=\"alignnone size-medium wp-image-60\" src=\"https:\/\/primarschule.dipas.ch\/wp\/wp-content\/uploads\/2014\/08\/Image391-198x300.png\" alt=\"Allschwilerwald_6\" width=\"198\" height=\"300\" srcset=\"https:\/\/primarschule.dipas.ch\/wp\/wp-content\/uploads\/2014\/08\/Image391-198x300.png 198w, https:\/\/primarschule.dipas.ch\/wp\/wp-content\/uploads\/2014\/08\/Image391-99x150.png 99w, https:\/\/primarschule.dipas.ch\/wp\/wp-content\/uploads\/2014\/08\/Image391-677x1024.png 677w, https:\/\/primarschule.dipas.ch\/wp\/wp-content\/uploads\/2014\/08\/Image391.png 1024w\" sizes=\"auto, (max-width: 198px) 100vw, 198px\" \/><\/a><\/p>\n<p><a href=\"https:\/\/primarschule.dipas.ch\/wp\/wp-content\/uploads\/2014\/08\/Image393.png\"><img loading=\"lazy\" decoding=\"async\" class=\"alignnone size-medium wp-image-61\" src=\"https:\/\/primarschule.dipas.ch\/wp\/wp-content\/uploads\/2014\/08\/Image393-196x300.png\" alt=\"Allschwilerwald_7\" width=\"196\" height=\"300\" srcset=\"https:\/\/primarschule.dipas.ch\/wp\/wp-content\/uploads\/2014\/08\/Image393-196x300.png 196w, https:\/\/primarschule.dipas.ch\/wp\/wp-content\/uploads\/2014\/08\/Image393-98x150.png 98w, https:\/\/primarschule.dipas.ch\/wp\/wp-content\/uploads\/2014\/08\/Image393-669x1024.png 669w, https:\/\/primarschule.dipas.ch\/wp\/wp-content\/uploads\/2014\/08\/Image393.png 1024w\" sizes=\"auto, (max-width: 196px) 100vw, 196px\" \/><\/a><\/p>\n<p><a href=\"https:\/\/primarschule.dipas.ch\/wp\/wp-content\/uploads\/2014\/08\/Image394.png\"><img loading=\"lazy\" decoding=\"async\" class=\"alignnone size-medium wp-image-62\" src=\"https:\/\/primarschule.dipas.ch\/wp\/wp-content\/uploads\/2014\/08\/Image394-196x300.png\" alt=\"Allschwilerwald_8\" width=\"196\" height=\"300\" srcset=\"https:\/\/primarschule.dipas.ch\/wp\/wp-content\/uploads\/2014\/08\/Image394-196x300.png 196w, https:\/\/primarschule.dipas.ch\/wp\/wp-content\/uploads\/2014\/08\/Image394-98x150.png 98w, https:\/\/primarschule.dipas.ch\/wp\/wp-content\/uploads\/2014\/08\/Image394-672x1024.png 672w, https:\/\/primarschule.dipas.ch\/wp\/wp-content\/uploads\/2014\/08\/Image394.png 1024w\" sizes=\"auto, (max-width: 196px) 100vw, 196px\" \/><\/a><\/p>\n<p><a href=\"https:\/\/primarschule.dipas.ch\/wp\/wp-content\/uploads\/2014\/08\/Image395.png\"><img loading=\"lazy\" decoding=\"async\" class=\"alignnone size-medium wp-image-63\" src=\"https:\/\/primarschule.dipas.ch\/wp\/wp-content\/uploads\/2014\/08\/Image395-198x300.png\" alt=\"Allschwilerwald_9\" width=\"198\" height=\"300\" srcset=\"https:\/\/primarschule.dipas.ch\/wp\/wp-content\/uploads\/2014\/08\/Image395-198x300.png 198w, https:\/\/primarschule.dipas.ch\/wp\/wp-content\/uploads\/2014\/08\/Image395-99x150.png 99w, https:\/\/primarschule.dipas.ch\/wp\/wp-content\/uploads\/2014\/08\/Image395-678x1024.png 678w, https:\/\/primarschule.dipas.ch\/wp\/wp-content\/uploads\/2014\/08\/Image395.png 1024w\" sizes=\"auto, (max-width: 198px) 100vw, 198px\" \/><\/a><\/p>\n<p><a href=\"https:\/\/primarschule.dipas.ch\/wp\/wp-content\/uploads\/2014\/08\/Image396_2.png\"><img loading=\"lazy\" decoding=\"async\" class=\"alignnone size-medium wp-image-64\" src=\"https:\/\/primarschule.dipas.ch\/wp\/wp-content\/uploads\/2014\/08\/Image396_2-300x251.png\" alt=\"Allschwilerwald_10\" width=\"300\" height=\"251\" srcset=\"https:\/\/primarschule.dipas.ch\/wp\/wp-content\/uploads\/2014\/08\/Image396_2-300x251.png 300w, https:\/\/primarschule.dipas.ch\/wp\/wp-content\/uploads\/2014\/08\/Image396_2-150x125.png 150w, https:\/\/primarschule.dipas.ch\/wp\/wp-content\/uploads\/2014\/08\/Image396_2.png 1024w\" sizes=\"auto, (max-width: 300px) 100vw, 300px\" \/><\/a><\/p>\n<p><a href=\"https:\/\/primarschule.dipas.ch\/wp\/wp-content\/uploads\/2014\/08\/Image397-2.png\"><img loading=\"lazy\" decoding=\"async\" class=\"alignnone size-medium wp-image-65\" src=\"https:\/\/primarschule.dipas.ch\/wp\/wp-content\/uploads\/2014\/08\/Image397-2-199x300.png\" alt=\"Allschwilerwald_11\" width=\"199\" height=\"300\" srcset=\"https:\/\/primarschule.dipas.ch\/wp\/wp-content\/uploads\/2014\/08\/Image397-2-199x300.png 199w, https:\/\/primarschule.dipas.ch\/wp\/wp-content\/uploads\/2014\/08\/Image397-2-99x150.png 99w, https:\/\/primarschule.dipas.ch\/wp\/wp-content\/uploads\/2014\/08\/Image397-2-680x1024.png 680w, https:\/\/primarschule.dipas.ch\/wp\/wp-content\/uploads\/2014\/08\/Image397-2.png 1024w\" sizes=\"auto, (max-width: 199px) 100vw, 199px\" \/><\/a><\/p>\n<p><a href=\"https:\/\/primarschule.dipas.ch\/wp\/wp-content\/uploads\/2014\/08\/Image398.png\"><img loading=\"lazy\" decoding=\"async\" class=\"alignnone size-medium wp-image-66\" src=\"https:\/\/primarschule.dipas.ch\/wp\/wp-content\/uploads\/2014\/08\/Image398-200x300.png\" alt=\"Allschwilerwald_12\" width=\"200\" height=\"300\" srcset=\"https:\/\/primarschule.dipas.ch\/wp\/wp-content\/uploads\/2014\/08\/Image398-200x300.png 200w, https:\/\/primarschule.dipas.ch\/wp\/wp-content\/uploads\/2014\/08\/Image398-100x150.png 100w, https:\/\/primarschule.dipas.ch\/wp\/wp-content\/uploads\/2014\/08\/Image398-684x1024.png 684w, https:\/\/primarschule.dipas.ch\/wp\/wp-content\/uploads\/2014\/08\/Image398.png 1024w\" sizes=\"auto, (max-width: 200px) 100vw, 200px\" \/><\/a><\/p>\n<p><a href=\"https:\/\/primarschule.dipas.ch\/wp\/wp-content\/uploads\/2014\/08\/Image399.png\"><img loading=\"lazy\" decoding=\"async\" class=\"alignnone size-medium wp-image-67\" src=\"https:\/\/primarschule.dipas.ch\/wp\/wp-content\/uploads\/2014\/08\/Image399-300x260.png\" alt=\"Allschwilerwald_13\" width=\"300\" height=\"260\" srcset=\"https:\/\/primarschule.dipas.ch\/wp\/wp-content\/uploads\/2014\/08\/Image399-300x260.png 300w, https:\/\/primarschule.dipas.ch\/wp\/wp-content\/uploads\/2014\/08\/Image399-150x130.png 150w, https:\/\/primarschule.dipas.ch\/wp\/wp-content\/uploads\/2014\/08\/Image399.png 1024w\" sizes=\"auto, (max-width: 300px) 100vw, 300px\" \/><\/a><\/p>\n<p><a href=\"https:\/\/primarschule.dipas.ch\/wp\/wp-content\/uploads\/2014\/08\/Image400.png\"><img loading=\"lazy\" decoding=\"async\" class=\"alignnone size-medium wp-image-68\" src=\"https:\/\/primarschule.dipas.ch\/wp\/wp-content\/uploads\/2014\/08\/Image400-199x300.png\" alt=\"Allschwilerwald_14\" width=\"199\" height=\"300\" srcset=\"https:\/\/primarschule.dipas.ch\/wp\/wp-content\/uploads\/2014\/08\/Image400-199x300.png 199w, https:\/\/primarschule.dipas.ch\/wp\/wp-content\/uploads\/2014\/08\/Image400-99x150.png 99w, https:\/\/primarschule.dipas.ch\/wp\/wp-content\/uploads\/2014\/08\/Image400-679x1024.png 679w, https:\/\/primarschule.dipas.ch\/wp\/wp-content\/uploads\/2014\/08\/Image400.png 1024w\" sizes=\"auto, (max-width: 199px) 100vw, 199px\" \/><\/a><\/p>\n<p><a href=\"https:\/\/primarschule.dipas.ch\/wp\/wp-content\/uploads\/2014\/08\/Image401.png\"><img loading=\"lazy\" decoding=\"async\" class=\"alignnone size-medium wp-image-69\" src=\"https:\/\/primarschule.dipas.ch\/wp\/wp-content\/uploads\/2014\/08\/Image401-198x300.png\" alt=\"Allschwilerwald_15\" width=\"198\" height=\"300\" srcset=\"https:\/\/primarschule.dipas.ch\/wp\/wp-content\/uploads\/2014\/08\/Image401-198x300.png 198w, https:\/\/primarschule.dipas.ch\/wp\/wp-content\/uploads\/2014\/08\/Image401-99x150.png 99w, https:\/\/primarschule.dipas.ch\/wp\/wp-content\/uploads\/2014\/08\/Image401-676x1024.png 676w, https:\/\/primarschule.dipas.ch\/wp\/wp-content\/uploads\/2014\/08\/Image401.png 1024w\" sizes=\"auto, (max-width: 198px) 100vw, 198px\" \/><\/a><\/p>\n<figure id=\"attachment_54\" aria-describedby=\"caption-attachment-54\" style=\"width: 251px\" class=\"wp-caption alignnone\"><a href=\"https:\/\/primarschule.dipas.ch\/wp\/wp-content\/uploads\/2014\/08\/Image403.png\"><img loading=\"lazy\" decoding=\"async\" class=\"size-medium wp-image-54\" src=\"https:\/\/primarschule.dipas.ch\/wp\/wp-content\/uploads\/2014\/08\/Image403-251x300.png\" alt=\"Katrin Ebert\" width=\"251\" height=\"300\" srcset=\"https:\/\/primarschule.dipas.ch\/wp\/wp-content\/uploads\/2014\/08\/Image403-251x300.png 251w, https:\/\/primarschule.dipas.ch\/wp\/wp-content\/uploads\/2014\/08\/Image403-125x150.png 125w, https:\/\/primarschule.dipas.ch\/wp\/wp-content\/uploads\/2014\/08\/Image403-858x1024.png 858w, https:\/\/primarschule.dipas.ch\/wp\/wp-content\/uploads\/2014\/08\/Image403.png 1024w\" sizes=\"auto, (max-width: 251px) 100vw, 251px\" \/><\/a><figcaption id=\"caption-attachment-54\" class=\"wp-caption-text\">Katrin Ebert<\/figcaption><\/figure>\n","protected":false},"excerpt":{"rendered":"<p>Unsere erschte Usflug isch quer durch dr Allschwilerwald gange. Vom Dorf zum Schiessplatz richtig N\u00f6iwylergr\u00e4nze und vo d\u00f6rt richtig Oser D\u00e4nggmool. Drno quer dure Wald\u00a0wieder zum Schiessplatz und denn no am &#8218;R\u00f6ibert\u00e4li&#8216; vrby zrugg ins Dorf. *** Die Fotos werde ich nochmals nachbearbeiten und gr\u00f6sser publizieren. ***<\/p>\n","protected":false},"author":1,"featured_media":0,"parent":23,"menu_order":3,"comment_status":"open","ping_status":"closed","template":"","meta":{"footnotes":""},"class_list":["post-25","page","type-page","status-publish","hentry"],"_links":{"self":[{"href":"https:\/\/primarschule.dipas.ch\/wp\/index.php?rest_route=\/wp\/v2\/pages\/25","targetHints":{"allow":["GET"]}}],"collection":[{"href":"https:\/\/primarschule.dipas.ch\/wp\/index.php?rest_route=\/wp\/v2\/pages"}],"about":[{"href":"https:\/\/primarschule.dipas.ch\/wp\/index.php?rest_route=\/wp\/v2\/types\/page"}],"author":[{"embeddable":true,"href":"https:\/\/primarschule.dipas.ch\/wp\/index.php?rest_route=\/wp\/v2\/users\/1"}],"replies":[{"embeddable":true,"href":"https:\/\/primarschule.dipas.ch\/wp\/index.php?rest_route=%2Fwp%2Fv2%2Fcomments&post=25"}],"version-history":[{"count":7,"href":"https:\/\/primarschule.dipas.ch\/wp\/index.php?rest_route=\/wp\/v2\/pages\/25\/revisions"}],"predecessor-version":[{"id":118,"href":"https:\/\/primarschule.dipas.ch\/wp\/index.php?rest_route=\/wp\/v2\/pages\/25\/revisions\/118"}],"up":[{"embeddable":true,"href":"https:\/\/primarschule.dipas.ch\/wp\/index.php?rest_route=\/wp\/v2\/pages\/23"}],"wp:attachment":[{"href":"https:\/\/primarschule.dipas.ch\/wp\/index.php?rest_route=%2Fwp%2Fv2%2Fmedia&parent=25"}],"curies":[{"name":"wp","href":"https:\/\/api.w.org\/{rel}","templated":true}]}}