{"id":2,"date":"2014-08-01T11:00:09","date_gmt":"2014-08-01T09:00:09","guid":{"rendered":"http:\/\/primarschule.dipas.ch\/wp\/wp\/?page_id=2"},"modified":"2014-08-01T10:37:38","modified_gmt":"2014-08-01T08:37:38","slug":"sample-page","status":"publish","type":"page","link":"https:\/\/primarschule.dipas.ch\/wp\/","title":{"rendered":"\u00dcbersicht"},"content":{"rendered":"<p>Unseri Sitte f\u00fcr d&#8217;Primarschuel isch unabh\u00e4ngig vo Social Media Sites und erlaubt jedem vo uns Foteli azluege und abe z&#8217;lade, Bytr\u00e4g z&#8217;erstelle und Informatione zum n\u00f6gschte Klassetr\u00e4ffe bereits z&#8217;stelle.<\/p>\n<p>Au Adr\u00e4ss\u00e4nderige k\u00f6nne \u00fcber die Sitte mitteilt w\u00e4rde.<\/p>\n<blockquote><p>Das isch doch was mir scho immer bruucht h\u00e4n \ud83d\ude42<\/p><\/blockquote>\n<p>Ich bi f\u00fcr jede Aregig und Krtik (bsunders die konstruktivi) danggbar!<\/p>\n","protected":false},"excerpt":{"rendered":"<p>Unseri Sitte f\u00fcr d&#8217;Primarschuel isch unabh\u00e4ngig vo Social Media Sites und erlaubt jedem vo uns Foteli azluege und abe z&#8217;lade, Bytr\u00e4g z&#8217;erstelle und Informatione zum n\u00f6gschte Klassetr\u00e4ffe bereits z&#8217;stelle. Au Adr\u00e4ss\u00e4nderige k\u00f6nne \u00fcber die Sitte mitteilt w\u00e4rde. Das isch doch was mir scho immer bruucht h\u00e4n \ud83d\ude42 Ich bi f\u00fcr jede Aregig und Krtik (bsunders &hellip; <a href=\"https:\/\/primarschule.dipas.ch\/wp\/\" class=\"more-link\"><span class=\"screen-reader-text\">\u00dcbersicht<\/span> weiterlesen <span class=\"meta-nav\">&rarr;<\/span><\/a><\/p>\n","protected":false},"author":1,"featured_media":4,"parent":0,"menu_order":0,"comment_status":"open","ping_status":"closed","template":"","meta":{"footnotes":""},"class_list":["post-2","page","type-page","status-publish","has-post-thumbnail","hentry"],"_links":{"self":[{"href":"https:\/\/primarschule.dipas.ch\/wp\/index.php?rest_route=\/wp\/v2\/pages\/2","targetHints":{"allow":["GET"]}}],"collection":[{"href":"https:\/\/primarschule.dipas.ch\/wp\/index.php?rest_route=\/wp\/v2\/pages"}],"about":[{"href":"https:\/\/primarschule.dipas.ch\/wp\/index.php?rest_route=\/wp\/v2\/types\/page"}],"author":[{"embeddable":true,"href":"https:\/\/primarschule.dipas.ch\/wp\/index.php?rest_route=\/wp\/v2\/users\/1"}],"replies":[{"embeddable":true,"href":"https:\/\/primarschule.dipas.ch\/wp\/index.php?rest_route=%2Fwp%2Fv2%2Fcomments&post=2"}],"version-history":[{"count":2,"href":"https:\/\/primarschule.dipas.ch\/wp\/index.php?rest_route=\/wp\/v2\/pages\/2\/revisions"}],"predecessor-version":[{"id":8,"href":"https:\/\/primarschule.dipas.ch\/wp\/index.php?rest_route=\/wp\/v2\/pages\/2\/revisions\/8"}],"wp:featuredmedia":[{"embeddable":true,"href":"https:\/\/primarschule.dipas.ch\/wp\/index.php?rest_route=\/wp\/v2\/media\/4"}],"wp:attachment":[{"href":"https:\/\/primarschule.dipas.ch\/wp\/index.php?rest_route=%2Fwp%2Fv2%2Fmedia&parent=2"}],"curies":[{"name":"wp","href":"https:\/\/api.w.org\/{rel}","templated":true}]}}