{"id":19,"date":"2014-08-01T17:52:04","date_gmt":"2014-08-01T15:52:04","guid":{"rendered":"http:\/\/primarschule.dipas.ch\/wp\/wp\/?page_id=19"},"modified":"2014-08-01T21:22:04","modified_gmt":"2014-08-01T19:22:04","slug":"1987-postenlauf-roessli","status":"publish","type":"page","link":"https:\/\/primarschule.dipas.ch\/wp\/?page_id=19","title":{"rendered":"1987 &#8211; Allschwil Postenlauf"},"content":{"rendered":"<ul>\n<li>16. Mai 1987<\/li>\n<li>Renata Bammatter, Karin Fuchs, Martin Dill<\/li>\n<li>25 Personen<\/li>\n<li>17 Uhr, Tramstation Kirche, Allschwil<\/li>\n<\/ul>\n<p><strong>Ap\u00e9ro<\/strong><br \/>\nWird von Hansj\u00fcrg im Schulhaus Neuallschwil offeriert.<\/p>\n<p><strong>Unternehmung<\/strong><br \/>\nPostenlauf durch Allschwil, an markanten Orten mit Fragen zu unserer Schulzeit. Essen im Restaurant R\u00f6ssli, Allschwil ab 20 Uhr, sp\u00e4ter singen wir das Lied s&#8217;Tr\u00e4umli und Hansj\u00fcrg spielt Gitarre.<br \/>\nNach dem offiziellen Teil treffen sich 15 Personen bei Martin, und tief in der Nacht gehen noch 7 Personen ins Plaza Disco an der Burgfeldergrenze.<\/p>\n<p><strong>N\u00e4chstes Treffen<\/strong><br \/>\nClaudia, Gaby, Katrin und Urs<\/p>\n<p><strong>Teilnehmer<\/strong><br \/>\nBeat Butz<br \/>\nBrigitte Walz<br \/>\nChristoph Frey<br \/>\nClaudia Koelbing<br \/>\nCornelia Sumi<br \/>\nDavid Geiser<br \/>\nDolores Walln\u00f6fer<br \/>\nErwin Klein<br \/>\nGaby Frei<br \/>\nHansj\u00fcrg Jeker<br \/>\nJacqueline Eigenmann<br \/>\nJean-Pierre Sch\u00fcepp<br \/>\nKarin Fuchs<br \/>\nKatrin Ebert<br \/>\nKatrin Grauwiler<br \/>\nLeonor Maril\u00e9 Bassa<br \/>\nManuela Binggeli<br \/>\nMarkus Kropf<br \/>\nMartin Dill<br \/>\nMichel Goll<br \/>\nOlivier Semme<br \/>\nPatricia Meneghin<br \/>\nRenata Bammatter<br \/>\nRen\u00e9 Mottas<br \/>\nSusanne B\u00fcrkler<br \/>\nUrs Laager<\/p>\n","protected":false},"excerpt":{"rendered":"<p>16. Mai 1987 Renata Bammatter, Karin Fuchs, Martin Dill 25 Personen 17 Uhr, Tramstation Kirche, Allschwil Ap\u00e9ro Wird von Hansj\u00fcrg im Schulhaus Neuallschwil offeriert. Unternehmung Postenlauf durch Allschwil, an markanten Orten mit Fragen zu unserer Schulzeit. Essen im Restaurant R\u00f6ssli, Allschwil ab 20 Uhr, sp\u00e4ter singen wir das Lied s&#8217;Tr\u00e4umli und Hansj\u00fcrg spielt Gitarre. Nach &hellip; <a href=\"https:\/\/primarschule.dipas.ch\/wp\/?page_id=19\" class=\"more-link\"><span class=\"screen-reader-text\">1987 &#8211; Allschwil Postenlauf<\/span> weiterlesen <span class=\"meta-nav\">&rarr;<\/span><\/a><\/p>\n","protected":false},"author":1,"featured_media":0,"parent":11,"menu_order":9,"comment_status":"open","ping_status":"closed","template":"","meta":{"footnotes":""},"class_list":["post-19","page","type-page","status-publish","hentry"],"_links":{"self":[{"href":"https:\/\/primarschule.dipas.ch\/wp\/index.php?rest_route=\/wp\/v2\/pages\/19","targetHints":{"allow":["GET"]}}],"collection":[{"href":"https:\/\/primarschule.dipas.ch\/wp\/index.php?rest_route=\/wp\/v2\/pages"}],"about":[{"href":"https:\/\/primarschule.dipas.ch\/wp\/index.php?rest_route=\/wp\/v2\/types\/page"}],"author":[{"embeddable":true,"href":"https:\/\/primarschule.dipas.ch\/wp\/index.php?rest_route=\/wp\/v2\/users\/1"}],"replies":[{"embeddable":true,"href":"https:\/\/primarschule.dipas.ch\/wp\/index.php?rest_route=%2Fwp%2Fv2%2Fcomments&post=19"}],"version-history":[{"count":6,"href":"https:\/\/primarschule.dipas.ch\/wp\/index.php?rest_route=\/wp\/v2\/pages\/19\/revisions"}],"predecessor-version":[{"id":90,"href":"https:\/\/primarschule.dipas.ch\/wp\/index.php?rest_route=\/wp\/v2\/pages\/19\/revisions\/90"}],"up":[{"embeddable":true,"href":"https:\/\/primarschule.dipas.ch\/wp\/index.php?rest_route=\/wp\/v2\/pages\/11"}],"wp:attachment":[{"href":"https:\/\/primarschule.dipas.ch\/wp\/index.php?rest_route=%2Fwp%2Fv2%2Fmedia&parent=19"}],"curies":[{"name":"wp","href":"https:\/\/api.w.org\/{rel}","templated":true}]}}