{"id":109,"date":"2025-08-10T23:23:06","date_gmt":"2025-08-10T21:23:06","guid":{"rendered":"https:\/\/primarschule.dipas.ch\/wp\/?page_id=109"},"modified":"2025-08-11T20:58:56","modified_gmt":"2025-08-11T18:58:56","slug":"2025-restaurant-landhus","status":"publish","type":"page","link":"https:\/\/primarschule.dipas.ch\/wp\/?page_id=109","title":{"rendered":"2025 &#8211; Landhus Allschwil"},"content":{"rendered":"\n<ul class=\"wp-block-list\">\n<li>Samstag, 9. August 2025<\/li>\n\n\n\n<li>Karin M\u00fcller, Juliana Weber, Brigitte Born<\/li>\n\n\n\n<li>24 Personen (27 angemeldet)<\/li>\n\n\n\n<li>17:30 Uhr, Baslerstrasse 4 in Allschwil<\/li>\n<\/ul>\n\n\n\n<p><strong>Unternehmung<\/strong><br>Ap\u00e9ro mit anschliessendem Abendessen und geselligem, gem\u00fctlichem  Beisammensein.<\/p>\n\n\n\n<p><strong>N\u00e4chstes Treffen<\/strong><br>Ren\u00e9 Mottas (ev. St. Moritz)<\/p>\n\n\n\n<p><strong>Teilnehmer<\/strong><br>Beat Butz<br>Brigitte Born<br>Christoph Frey<br>Claudia Koelbing<br>David Geiser<br>Dolores Walln\u00f6fer<br>Erwin Klein<br>Gaby Hunziker<br>Germaine Gohl<br>Jacqueline Eigenmann<br>Jacqueline Erzberger<br>Juliana Weber<br>Karin M\u00fcller<br>Katharina Bitterli-Ebert <br>Katrin Kuttler<br>Manuela Yersin-Binggeli<br>Markus Kistler<br>Markus Kropf<br>Markus Widmer<br>Martin Dill<br>Olivier Semme<br>Renata Naef<br>Ren\u00e9 Mottas<br>Susanne Salath\u00e9<br>Urs Laager<\/p>\n","protected":false},"excerpt":{"rendered":"<p>UnternehmungAp\u00e9ro mit anschliessendem Abendessen und geselligem, gem\u00fctlichem Beisammensein. N\u00e4chstes TreffenRen\u00e9 Mottas (ev. St. Moritz) TeilnehmerBeat ButzBrigitte BornChristoph FreyClaudia KoelbingDavid GeiserDolores Walln\u00f6ferErwin KleinGaby HunzikerGermaine GohlJacqueline EigenmannJacqueline ErzbergerJuliana WeberKarin M\u00fcllerKatharina Bitterli-Ebert Katrin KuttlerManuela Yersin-BinggeliMarkus KistlerMarkus KropfMarkus WidmerMartin DillOlivier SemmeRenata NaefRen\u00e9 MottasSusanne Salath\u00e9Urs Laager<\/p>\n","protected":false},"author":1,"featured_media":0,"parent":11,"menu_order":0,"comment_status":"closed","ping_status":"closed","template":"","meta":{"footnotes":""},"class_list":["post-109","page","type-page","status-publish","hentry"],"_links":{"self":[{"href":"https:\/\/primarschule.dipas.ch\/wp\/index.php?rest_route=\/wp\/v2\/pages\/109","targetHints":{"allow":["GET"]}}],"collection":[{"href":"https:\/\/primarschule.dipas.ch\/wp\/index.php?rest_route=\/wp\/v2\/pages"}],"about":[{"href":"https:\/\/primarschule.dipas.ch\/wp\/index.php?rest_route=\/wp\/v2\/types\/page"}],"author":[{"embeddable":true,"href":"https:\/\/primarschule.dipas.ch\/wp\/index.php?rest_route=\/wp\/v2\/users\/1"}],"replies":[{"embeddable":true,"href":"https:\/\/primarschule.dipas.ch\/wp\/index.php?rest_route=%2Fwp%2Fv2%2Fcomments&post=109"}],"version-history":[{"count":5,"href":"https:\/\/primarschule.dipas.ch\/wp\/index.php?rest_route=\/wp\/v2\/pages\/109\/revisions"}],"predecessor-version":[{"id":121,"href":"https:\/\/primarschule.dipas.ch\/wp\/index.php?rest_route=\/wp\/v2\/pages\/109\/revisions\/121"}],"up":[{"embeddable":true,"href":"https:\/\/primarschule.dipas.ch\/wp\/index.php?rest_route=\/wp\/v2\/pages\/11"}],"wp:attachment":[{"href":"https:\/\/primarschule.dipas.ch\/wp\/index.php?rest_route=%2Fwp%2Fv2%2Fmedia&parent=109"}],"curies":[{"name":"wp","href":"https:\/\/api.w.org\/{rel}","templated":true}]}}